{"id":176,"date":"2025-12-03T22:46:02","date_gmt":"2025-12-03T21:46:02","guid":{"rendered":"https:\/\/nuvion3d.com\/?page_id=176"},"modified":"2025-12-21T19:09:04","modified_gmt":"2025-12-21T18:09:04","slug":"digital-twin","status":"publish","type":"page","link":"https:\/\/nuvion3d.com\/index.php\/digital-twin\/","title":{"rendered":"Digital Twin"},"content":{"rendered":"\t\t<div data-elementor-type=\"wp-page\" data-elementor-id=\"176\" class=\"elementor elementor-176\" data-elementor-post-type=\"page\">\n\t\t\t\t<div class=\"elementor-element elementor-element-b710c86 e-flex e-con-boxed e-con e-parent\" data-id=\"b710c86\" data-element_type=\"container\" data-e-type=\"container\">\n\t\t\t\t\t<div class=\"e-con-inner\">\n\t\t\t\t<div class=\"elementor-element elementor-element-1ab1825 elementor-widget elementor-widget-text-editor\" data-id=\"1ab1825\" data-element_type=\"widget\" data-e-type=\"widget\" data-widget_type=\"text-editor.default\">\n\t\t\t\t\t\t\t\t\t<p data-start=\"300\" data-end=\"657\">Il <strong data-start=\"303\" data-end=\"319\">Digital Twin<\/strong> \u00e8 una replica digitale avanzata di un edificio, un impianto, un\u2019infrastruttura o un bene culturale, fedele in ogni dettaglio alla realt\u00e0 fisica. Non \u00e8 un semplice modello 3D: integra informazioni geometriche, dati operativi e storici, permettendo di monitorare, analizzare e simulare il comportamento dell\u2019oggetto reale in tempo reale.<\/p><p data-start=\"659\" data-end=\"899\">Con il Digital Twin \u00e8 possibile trasformare dati complessi in strumenti pratici e strategici: prevedere guasti, ottimizzare prestazioni, pianificare interventi di manutenzione e proteggere investimenti, riducendo rischi e costi operativi.<\/p>\t\t\t\t\t\t\t\t<\/div>\n\t\t\t\t<div class=\"elementor-element elementor-element-666cf9b elementor-widget elementor-widget-heading\" data-id=\"666cf9b\" data-element_type=\"widget\" data-e-type=\"widget\" data-widget_type=\"heading.default\">\n\t\t\t\t\t<h2 class=\"elementor-heading-title elementor-size-default\">Digital Twin: il futuro della gestione digitale di edifici, impianti e patrimonio culturale<\/h2>\t\t\t\t<\/div>\n\t\t\t\t\t<\/div>\n\t\t\t\t<\/div>\n\t\t<div class=\"elementor-element elementor-element-bd41574 e-flex e-con-boxed e-con e-parent\" data-id=\"bd41574\" data-element_type=\"container\" data-e-type=\"container\">\n\t\t\t\t\t<div class=\"e-con-inner\">\n\t\t\t\t<div class=\"elementor-element elementor-element-f112aad elementor-widget elementor-widget-text-editor\" data-id=\"f112aad\" data-element_type=\"widget\" data-e-type=\"widget\" data-widget_type=\"text-editor.default\">\n\t\t\t\t\t\t\t\t\t<p data-start=\"149\" data-end=\"759\">Il <strong data-start=\"152\" data-end=\"168\">Digital Twin<\/strong> offre un\u2019opportunit\u00e0 senza precedenti per <strong data-start=\"211\" data-end=\"283\">preservare e valorizzare edifici storici, monumenti e siti culturali<\/strong>. Grazie a questa tecnologia, ogni dettaglio architettonico, decorativo o strutturale pu\u00f2 essere catturato con precisione millimetrica e trasformato in una <strong data-start=\"439\" data-end=\"466\">replica digitale fedele<\/strong> della realt\u00e0. Non si tratta solo di creare un modello 3D statico: il Digital Twin permette di <strong data-start=\"561\" data-end=\"607\">monitorare lo stato dell\u2019oggetto nel tempo<\/strong>, registrando eventuali variazioni, degradi o danni strutturali, e di analizzarle in modo approfondito per pianificare interventi mirati e tempestivi.<\/p><p data-start=\"761\" data-end=\"1206\">Questa tecnologia consente di <strong data-start=\"791\" data-end=\"822\">prevenire il deterioramento<\/strong>, individuando criticit\u00e0 che potrebbero sfuggire a una semplice ispezione visiva e riducendo cos\u00ec il rischio di danni irreversibili. Ogni fase del processo di conservazione pu\u00f2 essere documentata in modo dettagliato, creando un archivio digitale completo e aggiornato, utile sia per restauratori e ingegneri, sia per enti culturali e istituzioni preposte alla tutela del patrimonio.<\/p>\t\t\t\t\t\t\t\t<\/div>\n\t\t<div class=\"elementor-element elementor-element-6aadefa e-con-full e-flex e-con e-child\" data-id=\"6aadefa\" data-element_type=\"container\" data-e-type=\"container\">\n\t\t\t\t<div class=\"elementor-element elementor-element-01095cb elementor-widget elementor-widget-image\" data-id=\"01095cb\" data-element_type=\"widget\" data-e-type=\"widget\" data-widget_type=\"image.default\">\n\t\t\t\t\t\t\t\t\t\t\t\t\t\t\t<img fetchpriority=\"high\" decoding=\"async\" width=\"800\" height=\"453\" src=\"https:\/\/nuvion3d.com\/wp-content\/uploads\/2025\/12\/Castello-Proh-1024x580.jpg\" class=\"attachment-large size-large wp-image-178\" alt=\"\" srcset=\"https:\/\/nuvion3d.com\/wp-content\/uploads\/2025\/12\/Castello-Proh-1024x580.jpg 1024w, https:\/\/nuvion3d.com\/wp-content\/uploads\/2025\/12\/Castello-Proh-300x170.jpg 300w, https:\/\/nuvion3d.com\/wp-content\/uploads\/2025\/12\/Castello-Proh-768x435.jpg 768w, https:\/\/nuvion3d.com\/wp-content\/uploads\/2025\/12\/Castello-Proh-1536x870.jpg 1536w, https:\/\/nuvion3d.com\/wp-content\/uploads\/2025\/12\/Castello-Proh-2048x1160.jpg 2048w\" sizes=\"(max-width: 800px) 100vw, 800px\" \/>\t\t\t\t\t\t\t\t\t\t\t\t\t\t\t<\/div>\n\t\t\t\t<\/div>\n\t\t<div class=\"elementor-element elementor-element-fbe6c5d e-con-full e-flex e-con e-child\" data-id=\"fbe6c5d\" data-element_type=\"container\" data-e-type=\"container\">\n\t\t\t\t<div class=\"elementor-element elementor-element-9e15a31 elementor-widget elementor-widget-image\" data-id=\"9e15a31\" data-element_type=\"widget\" data-e-type=\"widget\" data-widget_type=\"image.default\">\n\t\t\t\t\t\t\t\t\t\t\t\t\t\t\t<img decoding=\"async\" src=\"https:\/\/nuvion3d.com\/wp-content\/uploads\/2025\/12\/resti2-scaled.jpg\" title=\"\" alt=\"\" loading=\"lazy\" \/>\t\t\t\t\t\t\t\t\t\t\t\t\t\t\t<\/div>\n\t\t\t\t<\/div>\n\t\t\t\t\t<\/div>\n\t\t\t\t<\/div>\n\t\t<div class=\"elementor-element elementor-element-b2685cf e-flex e-con-boxed e-con e-parent\" data-id=\"b2685cf\" data-element_type=\"container\" data-e-type=\"container\">\n\t\t\t\t\t<div class=\"e-con-inner\">\n\t\t\t\t<div class=\"elementor-element elementor-element-39bebbd elementor-widget elementor-widget-html\" data-id=\"39bebbd\" data-element_type=\"widget\" data-e-type=\"widget\" data-widget_type=\"html.default\">\n\t\t\t\t\t<div class=\"sketchfab-embed-wrapper\"> <iframe title=\"Castello di Proh\" frameborder=\"0\" allowfullscreen mozallowfullscreen=\"true\" webkitallowfullscreen=\"true\" allow=\"autoplay; fullscreen; xr-spatial-tracking\" xr-spatial-tracking execution-while-out-of-viewport execution-while-not-rendered web-share width=\"640\" height=\"480\" src=\"https:\/\/sketchfab.com\/models\/af6e9b1c17ec4f5c9b252e4162551df5\/embed\"> <\/iframe> <p style=\"font-size: 13px; font-weight: normal; margin: 5px; color: #4A4A4A;\"> <a href=\"https:\/\/sketchfab.com\/3d-models\/castello-di-proh-af6e9b1c17ec4f5c9b252e4162551df5?utm_medium=embed&utm_campaign=share-popup&utm_content=af6e9b1c17ec4f5c9b252e4162551df5\" target=\"_blank\" rel=\"nofollow\" style=\"font-weight: bold; color: #1CAAD9;\"> Castello di Proh <\/a> by <a href=\"https:\/\/sketchfab.com\/Alberto2369?utm_medium=embed&utm_campaign=share-popup&utm_content=af6e9b1c17ec4f5c9b252e4162551df5\" target=\"_blank\" rel=\"nofollow\" style=\"font-weight: bold; color: #1CAAD9;\"> Alberto_Rainero <\/a> on <a href=\"https:\/\/sketchfab.com?utm_medium=embed&utm_campaign=share-popup&utm_content=af6e9b1c17ec4f5c9b252e4162551df5\" target=\"_blank\" rel=\"nofollow\" style=\"font-weight: bold; color: #1CAAD9;\">Sketchfab<\/a><\/p><\/div>\t\t\t\t<\/div>\n\t\t\t\t\t<\/div>\n\t\t\t\t<\/div>\n\t\t<div class=\"elementor-element elementor-element-b731506 e-flex e-con-boxed e-con e-parent\" data-id=\"b731506\" data-element_type=\"container\" data-e-type=\"container\">\n\t\t\t\t\t<div class=\"e-con-inner\">\n\t\t\t\t<div class=\"elementor-element elementor-element-151590b elementor-widget elementor-widget-text-editor\" data-id=\"151590b\" data-element_type=\"widget\" data-e-type=\"widget\" data-widget_type=\"text-editor.default\">\n\t\t\t\t\t\t\t\t\t<p data-start=\"901\" data-end=\"927\"><strong data-start=\"901\" data-end=\"925\">Applicazioni chiave:<\/strong><\/p><ul data-start=\"929\" data-end=\"2352\"><li data-start=\"929\" data-end=\"1416\"><p data-start=\"931\" data-end=\"1416\"><strong data-start=\"931\" data-end=\"966\">Patrimonio culturale e storico:<\/strong> il Digital Twin consente di preservare e valorizzare edifici storici, monumenti e siti culturali. Ogni dettaglio architettonico, decorativo o strutturale pu\u00f2 essere registrato digitalmente, monitorato nel tempo e analizzato per interventi di restauro e conservazione. Questa tecnologia permette di prevenire degradi, documentare lo stato di conservazione e condividere informazioni con restauratori, enti culturali e visitatori in modo innovativo.<\/p><\/li><li data-start=\"1418\" data-end=\"1788\"><p data-start=\"1420\" data-end=\"1788\"><strong data-start=\"1420\" data-end=\"1453\">Edifici civili e industriali:<\/strong> il Digital Twin consente di mappare edifici complessi, analizzare dispersioni energetiche, monitorare strutture e ottimizzare interventi di manutenzione preventiva. Grazie ai dati digitali aggiornati in tempo reale, gli ingegneri e i gestori possono prendere decisioni rapide e precise, garantendo sicurezza, efficienza e risparmio.<\/p><\/li><li data-start=\"1790\" data-end=\"2087\"><p data-start=\"1792\" data-end=\"2087\"><strong data-start=\"1792\" data-end=\"1819\">Infrastrutture e ponti:<\/strong> monitoraggio costante di ponti, viadotti e reti infrastrutturali, con simulazioni predittive di sollecitazioni, usura e possibili criticit\u00e0. L\u2019uso del Digital Twin riduce rischi, consente interventi mirati e migliora la pianificazione strategica della manutenzione.<\/p><\/li><li data-start=\"2089\" data-end=\"2352\"><p data-start=\"2091\" data-end=\"2352\"><strong data-start=\"2091\" data-end=\"2131\">Impianti industriali e fotovoltaici:<\/strong> ottimizzazione delle performance, prevenzione dei guasti e gestione predittiva dei sistemi complessi. Il Digital Twin consente di simulare scenari operativi, ridurre downtime e massimizzare l\u2019efficienza degli impianti.<\/p><\/li><\/ul><p data-start=\"2354\" data-end=\"2380\"><strong data-start=\"2354\" data-end=\"2378\">Vantaggi principali:<\/strong><\/p><ul data-start=\"2381\" data-end=\"3103\"><li data-start=\"2381\" data-end=\"2508\"><p data-start=\"2383\" data-end=\"2508\"><strong data-start=\"2383\" data-end=\"2415\">Monitoraggio in tempo reale:<\/strong> conoscere sempre lo stato dell\u2019oggetto o dell\u2019impianto, con dati aggiornati costantemente.<\/p><\/li><li data-start=\"2509\" data-end=\"2657\"><p data-start=\"2511\" data-end=\"2657\"><strong data-start=\"2511\" data-end=\"2553\">Prevenzione e manutenzione predittiva:<\/strong> intervenire prima che i problemi diventino critici, riducendo costi, rischi e interruzioni operative.<\/p><\/li><li data-start=\"2658\" data-end=\"2800\"><p data-start=\"2660\" data-end=\"2800\"><strong data-start=\"2660\" data-end=\"2693\">Ottimizzazione e simulazione:<\/strong> testare scenari e soluzioni senza interventi fisici, migliorando performance, sicurezza e sostenibilit\u00e0.<\/p><\/li><li data-start=\"2801\" data-end=\"2958\"><p data-start=\"2803\" data-end=\"2958\"><strong data-start=\"2803\" data-end=\"2847\">Valorizzazione del patrimonio culturale:<\/strong> preservare monumenti e edifici storici con una documentazione digitale precisa, accessibile e condivisibile.<\/p><\/li><li data-start=\"2959\" data-end=\"3103\"><p data-start=\"2961\" data-end=\"3103\"><strong data-start=\"2961\" data-end=\"3002\">Documentazione completa e affidabile:<\/strong> archiviare dati strutturati e dettagliati, pronti per progettazione, gestione o interventi futuri.<\/p><\/li><\/ul><p data-start=\"3105\" data-end=\"3565\">In sintesi, il Digital Twin non \u00e8 solo un modello digitale: \u00e8 <strong data-start=\"3167\" data-end=\"3207\">uno strumento strategico e operativo<\/strong> che trasforma informazioni complesse in conoscenza immediatamente utilizzabile. Per professionisti, enti pubblici e gestori privati, rappresenta la soluzione ideale per <strong data-start=\"3377\" data-end=\"3471\">preservare il patrimonio, ottimizzare le performance, ridurre rischi e garantire sicurezza<\/strong> in ogni contesto, dal fotovoltaico all\u2019edilizia, fino al patrimonio culturale pi\u00f9 prezioso.<\/p>\t\t\t\t\t\t\t\t<\/div>\n\t\t\t\t\t<\/div>\n\t\t\t\t<\/div>\n\t\t\t\t<\/div>\n\t\t","protected":false},"excerpt":{"rendered":"<p>Il Digital Twin \u00e8 una replica digitale avanzata di un edificio, un impianto, un\u2019infrastruttura o un bene culturale, fedele in ogni dettaglio alla realt\u00e0 fisica. Non \u00e8 un semplice modello 3D: integra informazioni geometriche, dati operativi e storici, permettendo di monitorare, analizzare e simulare il comportamento dell\u2019oggetto reale in tempo reale. Con il Digital Twin [&hellip;]<\/p>\n","protected":false},"author":1,"featured_media":0,"parent":0,"menu_order":0,"comment_status":"closed","ping_status":"closed","template":"","meta":{"footnotes":""},"class_list":["post-176","page","type-page","status-publish","hentry"],"_links":{"self":[{"href":"https:\/\/nuvion3d.com\/index.php\/wp-json\/wp\/v2\/pages\/176","targetHints":{"allow":["GET"]}}],"collection":[{"href":"https:\/\/nuvion3d.com\/index.php\/wp-json\/wp\/v2\/pages"}],"about":[{"href":"https:\/\/nuvion3d.com\/index.php\/wp-json\/wp\/v2\/types\/page"}],"author":[{"embeddable":true,"href":"https:\/\/nuvion3d.com\/index.php\/wp-json\/wp\/v2\/users\/1"}],"replies":[{"embeddable":true,"href":"https:\/\/nuvion3d.com\/index.php\/wp-json\/wp\/v2\/comments?post=176"}],"version-history":[{"count":28,"href":"https:\/\/nuvion3d.com\/index.php\/wp-json\/wp\/v2\/pages\/176\/revisions"}],"predecessor-version":[{"id":438,"href":"https:\/\/nuvion3d.com\/index.php\/wp-json\/wp\/v2\/pages\/176\/revisions\/438"}],"wp:attachment":[{"href":"https:\/\/nuvion3d.com\/index.php\/wp-json\/wp\/v2\/media?parent=176"}],"curies":[{"name":"wp","href":"https:\/\/api.w.org\/{rel}","templated":true}]}}